{"id":3,"date":"2024-06-13T17:50:40","date_gmt":"2024-06-13T15:50:40","guid":{"rendered":"http:\/\/thebarberclubmonaco.com\/?page_id=3"},"modified":"2025-04-07T16:25:59","modified_gmt":"2025-04-07T14:25:59","slug":"politique-de-confidentialite","status":"publish","type":"page","link":"https:\/\/thebarberclubmonaco.com\/index.php\/politique-de-confidentialite\/","title":{"rendered":"Politique de confidentialit\u00e9"},"content":{"rendered":"<div class=\"fusion-fullwidth fullwidth-box fusion-builder-row-1 fusion-flex-container nonhundred-percent-fullwidth non-hundred-percent-height-scrolling\" style=\"--awb-border-radius-top-left:0px;--awb-border-radius-top-right:0px;--awb-border-radius-bottom-right:0px;--awb-border-radius-bottom-left:0px;--awb-flex-wrap:wrap;\" ><div class=\"fusion-builder-row fusion-row fusion-flex-align-items-flex-start fusion-flex-content-wrap\" style=\"max-width:1185.6px;margin-left: calc(-4% \/ 2 );margin-right: calc(-4% \/ 2 );\"><div class=\"fusion-layout-column fusion_builder_column fusion-builder-column-0 fusion_builder_column_1_1 1_1 fusion-flex-column\" style=\"--awb-bg-size:cover;--awb-width-large:100%;--awb-margin-top-large:0px;--awb-spacing-right-large:1.92%;--awb-margin-bottom-large:0px;--awb-spacing-left-large:1.92%;--awb-width-medium:100%;--awb-spacing-right-medium:1.92%;--awb-spacing-left-medium:1.92%;--awb-width-small:100%;--awb-spacing-right-small:1.92%;--awb-spacing-left-small:1.92%;\"><div class=\"fusion-column-wrapper fusion-flex-justify-content-flex-start fusion-content-layout-column\"><div class=\"fusion-text fusion-text-1\" style=\"--awb-text-color:var(--awb-color2);\"><h2 class=\"wp-block-heading\">Qui sommes-nous\u00a0?<\/h2>\n<p>&nbsp;<\/p>\n<p>L\u2019adresse de notre site est : <a href=\"https:\/\/thebarberclubmonaco.com\" target=\"_blank\" rel=\"noopener\">https:\/\/thebarberclubmonaco.com<\/a>.<br \/>Le site a \u00e9t\u00e9 r\u00e9alis\u00e9 par l&rsquo;agence <a href=\"https:\/\/www.davidson.mc\/\" target=\"_blank\" rel=\"noopener\">Davidson Communication<\/a>.<\/p>\n<p>&nbsp;<\/p>\n<h2 class=\"wp-block-heading\">Commentaires<\/h2>\n<p>&nbsp;<\/p>\n<p>Aucun commentaire ne peut \u00eatre laisser sur le site.<\/p>\n<p>&nbsp;<\/p>\n<h2 class=\"wp-block-heading\">M\u00e9dias<\/h2>\n<p>&nbsp;<\/p>\n<p>Tous les m\u00e9dias pr\u00e9sents sur le site appartiennent \u00e0 The Barber Club Monaco. Il est interdit de les utiliser sans permission au pr\u00e9alable.<\/p>\n<p>&nbsp;<\/p>\n<h2 class=\"wp-block-heading\">Cookies<\/h2>\n<p>&nbsp;<\/p>\n<p>Aucun cookie ne sera \u00e0 accepter puisqu&rsquo;aucune connexion ne sera n\u00e9cessaire de la part de l&rsquo;utilisateur et aucune donn\u00e9es utilisateurs n&rsquo;est enregistr\u00e9 par le site.<\/p>\n<p>&nbsp;<\/p>\n<h2 class=\"wp-block-heading\">Contenu embarqu\u00e9 depuis d\u2019autres sites<\/h2>\n<p>&nbsp;<\/p>\n<p>Les articles de ce site peuvent inclure des contenus int\u00e9gr\u00e9s (par exemple des vid\u00e9os, images, articles\u2026). Le contenu int\u00e9gr\u00e9 depuis d\u2019autres sites se comporte de la m\u00eame mani\u00e8re que si le visiteur se rendait sur cet autre site.<\/p>\n<p>&nbsp;<\/p>\n<p>Ces sites web pourraient collecter des donn\u00e9es sur vous, utiliser des cookies, embarquer des outils de suivis tiers, suivre vos interactions avec ces contenus embarqu\u00e9s si vous disposez d\u2019un compte connect\u00e9 sur leur site web.<\/p>\n<p>&nbsp;<\/p>\n<p>&nbsp;<\/p>\n<p>&nbsp;<\/p>\n<\/div><\/div><\/div><\/div><\/div>","protected":false},"excerpt":{"rendered":"","protected":false},"author":1,"featured_media":0,"parent":0,"menu_order":0,"comment_status":"closed","ping_status":"open","template":"100-width.php","meta":{"footnotes":""},"class_list":["post-3","page","type-page","status-publish","hentry"],"_links":{"self":[{"href":"https:\/\/thebarberclubmonaco.com\/index.php\/wp-json\/wp\/v2\/pages\/3","targetHints":{"allow":["GET"]}}],"collection":[{"href":"https:\/\/thebarberclubmonaco.com\/index.php\/wp-json\/wp\/v2\/pages"}],"about":[{"href":"https:\/\/thebarberclubmonaco.com\/index.php\/wp-json\/wp\/v2\/types\/page"}],"author":[{"embeddable":true,"href":"https:\/\/thebarberclubmonaco.com\/index.php\/wp-json\/wp\/v2\/users\/1"}],"replies":[{"embeddable":true,"href":"https:\/\/thebarberclubmonaco.com\/index.php\/wp-json\/wp\/v2\/comments?post=3"}],"version-history":[{"count":7,"href":"https:\/\/thebarberclubmonaco.com\/index.php\/wp-json\/wp\/v2\/pages\/3\/revisions"}],"predecessor-version":[{"id":1984,"href":"https:\/\/thebarberclubmonaco.com\/index.php\/wp-json\/wp\/v2\/pages\/3\/revisions\/1984"}],"wp:attachment":[{"href":"https:\/\/thebarberclubmonaco.com\/index.php\/wp-json\/wp\/v2\/media?parent=3"}],"curies":[{"name":"wp","href":"https:\/\/api.w.org\/{rel}","templated":true}]}}